{"id":564,"date":"2021-01-28T16:52:44","date_gmt":"2021-01-28T16:52:44","guid":{"rendered":"http:\/\/romaindescours.net\/?page_id=564"},"modified":"2021-02-01T18:08:02","modified_gmt":"2021-02-01T18:08:02","slug":"564-2","status":"publish","type":"page","link":"https:\/\/romaindescours.net\/?page_id=564","title":{"rendered":"&#8230;"},"content":{"rendered":"<p>&nbsp;<\/p>\n<div><\/div>\n<div style=\"width: 62%; margin-left: 15%; text-align: left; margin-right: 0%; margin-top: 4%;\">\n<p>Une chose, son contraire, \u00e0 force de r\u00e9p\u00e9ter un mot nous pouvons parfois r\u00e9ussir \u00e0 en \u00e9vacuer le contexte. L\u2019exp\u00e9rience est insolite, elle joue les dissonances avec la mat\u00e9rialit\u00e9 d\u2019une langue devenue l\u2019espace d\u2019un instant p\u00e2teuse et ind\u00e9finie. N\u2019est-il pas inou\u00efe de pouvoir vivre une \u201cexp\u00e9rience de cin\u00e9ma\u201d calmement assis sur sa chaise d\u2019ordinateur et d\u2019en maitriser le contr\u00f4le temps ? d\u2019en jouer la lecture et la relecture ? Consulter, rafra\u00eechir, restaurer un contexte, \u00e0 ce jeu s\u2019additionne les amorces, les anachronies, les collections de fragments. Jouer, lire, en quelques clics la vid\u00e9o se donne comme r\u00e9ceptacle d\u2019une multiplicit\u00e9 de supports, elle propose des traductions \u00e0 la fois proches et lointaines. La mati\u00e8re m\u00eame du cin\u00e9ma s\u2019explore du bout de la t\u00eate de lecture. Reproduire, retranscrire, encoder, la travers\u00e9e est porteuse. Elle cr\u00e9e les \u00e9carts, constitue des embrayeurs, des pr\u00e9-textes \u00e0 la digression et aux glissements de sens. Apr\u00e8s tout nous pouvons \u00e9crire plusieurs fois la m\u00eame chose et ne pas l\u2019entendre de la m\u00eame mani\u00e8re.<\/p>\n<\/div>\n<div><\/div>\n","protected":false},"excerpt":{"rendered":"<p>&nbsp; Une chose, son contraire, \u00e0 force de r\u00e9p\u00e9ter un mot nous pouvons parfois r\u00e9ussir \u00e0 en \u00e9vacuer le contexte. L\u2019exp\u00e9rience est insolite, elle joue les dissonances avec la mat\u00e9rialit\u00e9 d\u2019une langue devenue l\u2019espace d\u2019un instant p\u00e2teuse et ind\u00e9finie. N\u2019est-il pas inou\u00efe de pouvoir vivre une \u201cexp\u00e9rience de cin\u00e9ma\u201d calmement assis sur sa chaise d\u2019ordinateur [&hellip;]<\/p>\n","protected":false},"author":1,"featured_media":0,"parent":0,"menu_order":6,"comment_status":"closed","ping_status":"closed","template":"","meta":{"spay_email":""},"_links":{"self":[{"href":"https:\/\/romaindescours.net\/index.php?rest_route=\/wp\/v2\/pages\/564"}],"collection":[{"href":"https:\/\/romaindescours.net\/index.php?rest_route=\/wp\/v2\/pages"}],"about":[{"href":"https:\/\/romaindescours.net\/index.php?rest_route=\/wp\/v2\/types\/page"}],"author":[{"embeddable":true,"href":"https:\/\/romaindescours.net\/index.php?rest_route=\/wp\/v2\/users\/1"}],"replies":[{"embeddable":true,"href":"https:\/\/romaindescours.net\/index.php?rest_route=%2Fwp%2Fv2%2Fcomments&post=564"}],"version-history":[{"count":10,"href":"https:\/\/romaindescours.net\/index.php?rest_route=\/wp\/v2\/pages\/564\/revisions"}],"predecessor-version":[{"id":584,"href":"https:\/\/romaindescours.net\/index.php?rest_route=\/wp\/v2\/pages\/564\/revisions\/584"}],"wp:attachment":[{"href":"https:\/\/romaindescours.net\/index.php?rest_route=%2Fwp%2Fv2%2Fmedia&parent=564"}],"curies":[{"name":"wp","href":"https:\/\/api.w.org\/{rel}","templated":true}]}}