{"id":56,"date":"2015-01-30T20:08:47","date_gmt":"2015-01-30T20:08:47","guid":{"rendered":"http:\/\/romaindescours.net\/?page_id=56"},"modified":"2021-03-30T19:07:56","modified_gmt":"2021-03-30T19:07:56","slug":"images-dun-ciel-bleu-rature","status":"publish","type":"page","link":"https:\/\/romaindescours.net\/?page_id=56","title":{"rendered":"images d&rsquo;un ciel bleu ratur\u00e9"},"content":{"rendered":"<p>&nbsp;<\/p>\n<div style=\"width: 62%; margin-left: 15%; text-align: left; margin-right: 0%; margin-top: 4%;\">\n<p><span style=\"font-family: Helvetica Neue;\">Pourquoi ne pas s\u2019imaginer une histoire du cin\u00e9ma \u00e0 rebours o\u00f9 la vid\u00e9o serait arriv\u00e9e premi\u00e8re ? <em><strong>images d\u2019un ciel bleu ratur\u00e9<\/strong><\/em> constitue une cin\u00e9po\u00e9sie, un ensemble de vid\u00e9os exp\u00e9rimentales li\u00e9es, d\u00e9li\u00e9es par la mat\u00e9rialit\u00e9 d\u2019un texte. La voix off op\u00e8re en tension, il faut y voir des jeux de transcriptions, des traductions infid\u00e8les. Elle nous plonge aux limites d&rsquo;un r\u00eave \u00e9veill\u00e9 et porte en filigrane un regard sur des fragments d\u2019une courte histoire des images anim\u00e9es. En pr\u00eatant l&rsquo;oreille, on peut reconna\u00eetre certaines \u00e9vocations au d\u00e9buts du cin\u00e9ma mais aussi \u00e0 d\u2019autres d\u00e9buts, d\u2019autres commencements. Pourquoi ne pas s\u2019octroyer la fantaisie de l\u2019arriv\u00e9e d\u2019un train sur un fond de verdure \u00e9voquant la transparence d\u2019une hypoth\u00e9tique incrustation ? des images pour \u00e9crire, un ciel bleu pour couleur primaire d&rsquo;un aplat lumineux aux impulsions num\u00e9riques, des ratures, des reprises&nbsp; et encore du texte pour faire des images, encore des ratures, encore des reprises. <br><\/span><\/p>\n<p><\/p>\n<\/div>\n<div style=\"width: 70%; margin-left: 11%; text-align: left; margin-right: 0%; margin-top: 4%;\">\n<p><iframe allowfullscreen=\"true\" webkitallowfullscreen=\"true\" mozallowfullscreen=\"true\" src=\"https:\/\/player.vimeo.com\/video\/527756120\" <=\"\" iframe=\"\">\n<\/p>\n<\/div>\n<p><\/iframe><\/p>\n<\/div>\n<div style=\"width: 70%; margin-left: 11%; text-align: left; margin-right: 0%; margin-top: 4%;\">\n<p><iframe allowfullscreen=\"true\" webkitallowfullscreen=\"true\" mozallowfullscreen=\"true\" src=\"https:\/\/player.vimeo.com\/video\/528314297\" <=\"\" iframe=\"\">\n<\/p>\n<\/div>\n<p><\/iframe><\/p>\n<\/div>\n<div style=\"width: 70%; margin-left: 11%; text-align: left; margin-right: 0%; margin-top: 4%;\">\n<p><iframe allowfullscreen=\"true\" webkitallowfullscreen=\"true\" mozallowfullscreen=\"true\" src=\"https:\/\/player.vimeo.com\/video\/530931459\" <=\"\" iframe=\"\">\n<\/p>\n<\/div>\n<p><\/iframe><\/p>\n<\/div>\n\n\n<p><\/p>\n","protected":false},"excerpt":{"rendered":"<p>&nbsp; Pourquoi ne pas s\u2019imaginer une histoire du cin\u00e9ma \u00e0 rebours o\u00f9 la vid\u00e9o serait arriv\u00e9e premi\u00e8re ? images d\u2019un ciel bleu ratur\u00e9 constitue une cin\u00e9po\u00e9sie, un ensemble de vid\u00e9os exp\u00e9rimentales li\u00e9es, d\u00e9li\u00e9es par la mat\u00e9rialit\u00e9 d\u2019un texte. La voix off op\u00e8re en tension, il faut y voir des jeux de transcriptions, des traductions infid\u00e8les. [&hellip;]<\/p>\n","protected":false},"author":1,"featured_media":0,"parent":0,"menu_order":1,"comment_status":"closed","ping_status":"closed","template":"","meta":{"spay_email":""},"_links":{"self":[{"href":"https:\/\/romaindescours.net\/index.php?rest_route=\/wp\/v2\/pages\/56"}],"collection":[{"href":"https:\/\/romaindescours.net\/index.php?rest_route=\/wp\/v2\/pages"}],"about":[{"href":"https:\/\/romaindescours.net\/index.php?rest_route=\/wp\/v2\/types\/page"}],"author":[{"embeddable":true,"href":"https:\/\/romaindescours.net\/index.php?rest_route=\/wp\/v2\/users\/1"}],"replies":[{"embeddable":true,"href":"https:\/\/romaindescours.net\/index.php?rest_route=%2Fwp%2Fv2%2Fcomments&post=56"}],"version-history":[{"count":27,"href":"https:\/\/romaindescours.net\/index.php?rest_route=\/wp\/v2\/pages\/56\/revisions"}],"predecessor-version":[{"id":628,"href":"https:\/\/romaindescours.net\/index.php?rest_route=\/wp\/v2\/pages\/56\/revisions\/628"}],"wp:attachment":[{"href":"https:\/\/romaindescours.net\/index.php?rest_route=%2Fwp%2Fv2%2Fmedia&parent=56"}],"curies":[{"name":"wp","href":"https:\/\/api.w.org\/{rel}","templated":true}]}}