{"id":107,"date":"2015-02-17T22:13:24","date_gmt":"2015-02-17T22:13:24","guid":{"rendered":"http:\/\/romaindescours.net\/?page_id=107"},"modified":"2021-03-30T19:02:38","modified_gmt":"2021-03-30T19:02:38","slug":"bio-filmo","status":"publish","type":"page","link":"https:\/\/romaindescours.net\/?page_id=107","title":{"rendered":"bio"},"content":{"rendered":"<p>&nbsp;<\/p>\n<div style=\"width: 62%; margin-left: 15%; text-align: left; margin-right: 0%; margin-top: 4%;\">\n<p>Romain Descours est n\u00e9 \u00e0 Valence en 1980. Il num\u00e9rise ses premi\u00e8res images et les enregistre sur un disque zip \u00e0 l\u2019\u00c9cole Sup\u00e9rieure d\u2019Art et Design de Saint-\u00c9tienne en 1998. Cette m\u00eame ann\u00e9e, il utilise pour la premi\u00e8re fois les fonctions d\u2019enregistrement d\u2019un cam\u00e9scope. Depuis une dizaine d\u2019ann\u00e9es il accompagne des \u00e9tudiants dans l\u2019\u00e9laboration d\u2019objets filmiques, photographiques et performatifs \u00e0 l\u2019\u00c9cole Sup\u00e9rieure d\u2019Art de Cambrai. Glaneur d\u2019images et de sons, il vit \u00e0 Lille, capture et collecte des images l\u00e0 o\u00f9 il a l\u2019occasion d\u2019aller. Attentif \u00e0 une certaine id\u00e9e de traduction et de transposition, il envisage le potentiel po\u00e9tique qui lui semble implicitement offert par le caract\u00e8re ambivalent de la mat\u00e9rialit\u00e9 num\u00e9rique. Une d\u00e9marche qui donne lieu \u00e0 un ensemble de r\u00e9alisations filmiques, textuelles et photographiques. Des re\u0301alisations qui ont notamment e\u0301te\u0301 pre\u0301sente\u0301es a\u0300 &#8211; Annecy\u2013 around the tr\u00e8s courts &#8211; Annonay \u2013 Festival Nouvelles Images \u2013 Groupe d\u2019Art Contemporain &#8211; Cambrai \u2013 Exposition dedans-dehors- ESAC &#8211; Clermont-Ferrand \u2013 Videoformes &#8211; Lille \u2013 La Ferblanterie \u2013 Th\u00e9\u00e2tre Massenet &#8211; Lima \u2013 Pontificia Universidad Cat\u00f3lica del Per\u00fa &#8211; Lyon \u2013 Ecouter voir-Mus\u00e9e d\u2019Art Contemporain &#8211; Paris \u2013 Espace Canopy \u2013 Fondation J\u00e9r\u00f4me Seydoux Path\u00e9 \u2013 Cin\u00e9 XIII Montmartre &#8211; Rives de Gier \u2013 Rhino Jazz Festival &#8211; Saint-Etienne \u2013 Mus\u00e9e d\u2019Art Moderne \u2013 M\u00e9li\u00e8s Caf\u00e9 &#8211; Galerie l\u2019Antenne \u2013 Toulouse \u2013 Traverse Video &#8211;<\/p>\n<p>&nbsp;<\/p>\n<p><a href=\"mailto:cinepoesies@romaindescours.net\"><span class=\"username\">cinepoesies@romaindescours.net<\/span><\/a><\/p>\n<p>&nbsp;<\/p>\n<p><a href=\"http:\/\/romaindescours.net\/wp-content\/uploads\/2021\/03\/Romain-Descours_filmo-folio.pdf\">filmographie<\/a><\/p>\n<p>&nbsp;<\/p>\n<p>&nbsp;<\/p>\n<p>&nbsp;<img loading=\"lazy\" class=\"alignnone size-medium wp-image-222\" src=\"https:\/\/i0.wp.com\/romaindescours.net\/wp-content\/uploads\/2015\/02\/Romain-Descours-site.jpg?resize=600%2C338\" alt=\"Romain Descours site\" width=\"600\" height=\"338\" srcset=\"https:\/\/i0.wp.com\/romaindescours.net\/wp-content\/uploads\/2015\/02\/Romain-Descours-site.jpg?resize=600%2C338&amp;ssl=1 600w, https:\/\/i0.wp.com\/romaindescours.net\/wp-content\/uploads\/2015\/02\/Romain-Descours-site.jpg?resize=300%2C169&amp;ssl=1 300w, https:\/\/i0.wp.com\/romaindescours.net\/wp-content\/uploads\/2015\/02\/Romain-Descours-site.jpg?resize=900%2C507&amp;ssl=1 900w, https:\/\/i0.wp.com\/romaindescours.net\/wp-content\/uploads\/2015\/02\/Romain-Descours-site.jpg?w=1050&amp;ssl=1 1050w\" sizes=\"(max-width: 600px) 100vw, 600px\" data-recalc-dims=\"1\" \/><\/p>\n<\/div>\n<div style=\"clear: both;\">&nbsp;<\/div>\n","protected":false},"excerpt":{"rendered":"<p>&nbsp; Romain Descours est n\u00e9 \u00e0 Valence en 1980. Il num\u00e9rise ses premi\u00e8res images et les enregistre sur un disque zip \u00e0 l\u2019\u00c9cole Sup\u00e9rieure d\u2019Art et Design de Saint-\u00c9tienne en 1998. Cette m\u00eame ann\u00e9e, il utilise pour la premi\u00e8re fois les fonctions d\u2019enregistrement d\u2019un cam\u00e9scope. Depuis une dizaine d\u2019ann\u00e9es il accompagne des \u00e9tudiants dans l\u2019\u00e9laboration [&hellip;]<\/p>\n","protected":false},"author":1,"featured_media":0,"parent":0,"menu_order":4,"comment_status":"closed","ping_status":"closed","template":"","meta":{"spay_email":""},"_links":{"self":[{"href":"https:\/\/romaindescours.net\/index.php?rest_route=\/wp\/v2\/pages\/107"}],"collection":[{"href":"https:\/\/romaindescours.net\/index.php?rest_route=\/wp\/v2\/pages"}],"about":[{"href":"https:\/\/romaindescours.net\/index.php?rest_route=\/wp\/v2\/types\/page"}],"author":[{"embeddable":true,"href":"https:\/\/romaindescours.net\/index.php?rest_route=\/wp\/v2\/users\/1"}],"replies":[{"embeddable":true,"href":"https:\/\/romaindescours.net\/index.php?rest_route=%2Fwp%2Fv2%2Fcomments&post=107"}],"version-history":[{"count":27,"href":"https:\/\/romaindescours.net\/index.php?rest_route=\/wp\/v2\/pages\/107\/revisions"}],"predecessor-version":[{"id":627,"href":"https:\/\/romaindescours.net\/index.php?rest_route=\/wp\/v2\/pages\/107\/revisions\/627"}],"wp:attachment":[{"href":"https:\/\/romaindescours.net\/index.php?rest_route=%2Fwp%2Fv2%2Fmedia&parent=107"}],"curies":[{"name":"wp","href":"https:\/\/api.w.org\/{rel}","templated":true}]}}